{"id":831,"date":"2018-08-31T14:43:05","date_gmt":"2018-08-31T17:43:05","guid":{"rendered":"https:\/\/ifd8-nqn.infd.edu.ar\/sitio\/historia\/"},"modified":"2025-08-18T21:51:13","modified_gmt":"2025-08-19T00:51:13","slug":"historia","status":"publish","type":"page","link":"https:\/\/ifd8-nqn.infd.edu.ar\/sitio\/historia\/","title":{"rendered":"Historia"},"content":{"rendered":"<table border=\"0\" width=\"100%\">\n<tbody>\n<tr>\n<td colspan=\"3\">\n<h2 style=\"margin-top: 0px; margin-bottom: 0px; padding-bottom: 0px;\">Historia del Instituto<\/h2>\n<\/td>\n<\/tr>\n<tr>\n<td colspan=\"2\">\n<div style=\"text-align: center;\"><\/div>\n<div><img decoding=\"async\" loading=\"lazy\" class=\"alignnone size-medium wp-image-1849\" src=\"https:\/\/ifd8-nqn.infd.edu.ar\/sitio\/wp-content\/uploads\/2024\/09\/web-septiembre-1000x750.jpeg\" alt=\"\" width=\"1000\" height=\"750\" srcset=\"https:\/\/ifd8-nqn.infd.edu.ar\/sitio\/wp-content\/uploads\/2024\/09\/web-septiembre-1000x750.jpeg 1000w, https:\/\/ifd8-nqn.infd.edu.ar\/sitio\/wp-content\/uploads\/2024\/09\/web-septiembre-768x576.jpeg 768w, https:\/\/ifd8-nqn.infd.edu.ar\/sitio\/wp-content\/uploads\/2024\/09\/web-septiembre.jpeg 1280w\" sizes=\"(max-width: 1000px) 100vw, 1000px\" \/><\/div>\n<div><\/div>\n<p><strong>\u00a0<\/strong><\/td>\n<td width=\"30%\">\n<div style=\"text-align: left;\"><strong>A\u00d1O 1983<\/strong><strong>&#8230;<\/strong><strong>\u00a0<\/strong><strong>gran cantidad de j\u00f3venes egresados de distintas escuelas medias de la localidad no tienen posibilidades de continuar sus estudios superiores. Por esto un grupo de vecinos y\u00a0profesores (del C.P.E.M. N\u00ba7 y del B.O.D.) junto con algunos concejales realizan gestiones para que se cree un I.F.D en Jun\u00edn de los Andes.<\/strong><\/div>\n<\/td>\n<\/tr>\n<tr>\n<td colspan=\"3\"><strong>\u00a0<\/strong><strong>\u00a0<\/strong><\/td>\n<\/tr>\n<tr>\n<td colspan=\"3\"><\/td>\n<\/tr>\n<tr>\n<td colspan=\"3\">\n<h3 style=\"margin-top: 0px; margin-bottom: 0px; padding-bottom: 0px;\">A\u00f1o 1984<\/h3>\n<\/td>\n<\/tr>\n<tr>\n<td width=\"30%\">\n<div style=\"text-align: center;\"><img decoding=\"async\" loading=\"lazy\" title=\"alumnos despues\" src=\"https:\/\/ifd8-nqn.infd.edu.ar\/sitio\/wp-content\/uploads\/2018\/08\/403146893.jpg\" alt=\"alumnos despues\" width=\"504\" height=\"378\" border=\"0\" \/><\/div>\n<\/td>\n<td colspan=\"2\">\n<p style=\"text-align: left;\"><strong>se obtiene la aprobaci\u00f3n por parte del C.P.E. de la provincia de Neuqu\u00e9n y se crea por Decreto N\u00ba 899\/84 el I.F.D N\u00ba8 con asiento en Jun\u00edn de los Andes (que tendr\u00eda una promoci\u00f3n cerrada). Desde el primer a\u00f1o de funcionamiento el Instituto presenta en su planta funcional el 100% de profesionales con t\u00edtulo espec\u00edfico para cada una de las disciplinas que constitu\u00edan el plan de estudio.<\/strong><\/p>\n<\/td>\n<\/tr>\n<tr>\n<td colspan=\"3\"><\/td>\n<\/tr>\n<tr>\n<td colspan=\"3\"><\/td>\n<\/tr>\n<tr>\n<td colspan=\"3\">\n<h3 style=\"margin-top: 0px; margin-bottom: 0px; padding-bottom: 0px;\">A\u00f1o 1985<\/h3>\n<\/td>\n<\/tr>\n<tr>\n<td colspan=\"2\">\n<div style=\"text-align: center;\"><img decoding=\"async\" loading=\"lazy\" title=\"antes\" src=\"https:\/\/ifd8-nqn.infd.edu.ar\/sitio\/wp-content\/uploads\/2018\/08\/403146884.jpg\" alt=\"antes\" width=\"504\" height=\"378\" border=\"0\" \/><\/div>\n<p><strong>\u00a0<\/strong><\/td>\n<td width=\"30%\"><strong>A<\/strong><strong>Personal del Instituto, miembros de la comunidad y el diputado provincial por el partido justicialista Dr. H\u00e9ctor C. C\u00f3rdoba, realizan gestiones en la Capital Neuquina, logrando que el Sr. Gobernador de la Provincia del Neuqu\u00e9n, Don Felipe Sapag, mediante el Decreto N\u00ba3339\/85, disponga a trav\u00e9s del C.P.E. de la provincia, la<\/strong><strong>creaci\u00f3n definitiva<\/strong><strong>\u00a0<\/strong><strong>del Instituto de Formaci\u00f3n Docente N\u00ba8 con asiento en la localidad de Jun\u00edn de los Andes.<\/strong><\/td>\n<\/tr>\n<tr>\n<td colspan=\"3\"><strong>\u00a0<\/strong><\/td>\n<\/tr>\n<\/tbody>\n<\/table>\n","protected":false},"excerpt":{"rendered":"<p>Historia del Instituto \u00a0 A\u00d1O 1983&#8230;\u00a0gran cantidad de j\u00f3venes egresados de distintas escuelas medias de la localidad no tienen posibilidades de continuar sus estudios superiores. Por esto un grupo de vecinos y\u00a0profesores (del C.P.E.M. N\u00ba7 y del B.O.D.) junto con algunos concejales realizan gestiones para que se cree un I.F.D en Jun\u00edn de los Andes. &#8230; <a title=\"Historia\" class=\"read-more\" href=\"https:\/\/ifd8-nqn.infd.edu.ar\/sitio\/historia\/\" aria-label=\"More on Historia\">[+]<\/a><\/p>\n","protected":false},"author":828,"featured_media":0,"parent":0,"menu_order":0,"comment_status":"closed","ping_status":"closed","template":"","meta":[],"acf":[],"_links":{"self":[{"href":"https:\/\/ifd8-nqn.infd.edu.ar\/sitio\/wp-json\/wp\/v2\/pages\/831"}],"collection":[{"href":"https:\/\/ifd8-nqn.infd.edu.ar\/sitio\/wp-json\/wp\/v2\/pages"}],"about":[{"href":"https:\/\/ifd8-nqn.infd.edu.ar\/sitio\/wp-json\/wp\/v2\/types\/page"}],"author":[{"embeddable":true,"href":"https:\/\/ifd8-nqn.infd.edu.ar\/sitio\/wp-json\/wp\/v2\/users\/828"}],"replies":[{"embeddable":true,"href":"https:\/\/ifd8-nqn.infd.edu.ar\/sitio\/wp-json\/wp\/v2\/comments?post=831"}],"version-history":[{"count":1,"href":"https:\/\/ifd8-nqn.infd.edu.ar\/sitio\/wp-json\/wp\/v2\/pages\/831\/revisions"}],"predecessor-version":[{"id":1917,"href":"https:\/\/ifd8-nqn.infd.edu.ar\/sitio\/wp-json\/wp\/v2\/pages\/831\/revisions\/1917"}],"wp:attachment":[{"href":"https:\/\/ifd8-nqn.infd.edu.ar\/sitio\/wp-json\/wp\/v2\/media?parent=831"}],"curies":[{"name":"wp","href":"https:\/\/api.w.org\/{rel}","templated":true}]}}