{"id":817,"date":"2018-08-31T14:43:01","date_gmt":"2018-08-31T17:43:01","guid":{"rendered":"https:\/\/ifd8-nqn.infd.edu.ar\/sitio\/autoridades\/"},"modified":"2025-04-14T17:52:39","modified_gmt":"2025-04-14T20:52:39","slug":"autoridades","status":"publish","type":"page","link":"https:\/\/ifd8-nqn.infd.edu.ar\/sitio\/autoridades\/","title":{"rendered":"Autoridades"},"content":{"rendered":"<p><strong>\u00a0<\/strong><\/p>\n<p>DIRECTORA:<\/p>\n<p>Lic. Silvina Sanchez Valdivia<\/p>\n<p>VICEDIRECTORA:<\/p>\n<p>Hin\u00e9s Herrero<\/p>\n<p>SECRETARIA ACAD\u00c9MICA:<\/p>\n<p>Cintia Ponce<\/p>\n\n\n<p>Consejo ac\u00e1demico compuesto por:&nbsp;<\/p>\n\n\n\n<p>&#8211;<\/p>\n\n\n\n<ul>\n<li><strong>Yamila Mitra<\/strong>, coordinadora intercampos de PI.&nbsp;<\/li>\n\n\n\n<li><strong>&nbsp;Macarena Boza<\/strong>, coordinadora del campo de la pr\u00e1ctica PEI.&nbsp;<\/li>\n\n\n\n<li><strong>&nbsp;Celina Rivero<\/strong>, coordinadora de primeros y segundos a\u00f1os (PEI y PEP)&nbsp;<\/li>\n\n\n\n<li><strong>Lorena Heis<\/strong>, coordinadora de terceros y cuartos a\u00f1os (PEI\/PEP)&nbsp;<\/li>\n\n\n\n<li><strong>&nbsp;Bianca Napolitano<\/strong>, coordinadora del campo de la pr\u00e1ctica PEP.&nbsp;<\/li>\n\n\n\n<li><strong>&nbsp;Cinthia Reyes<\/strong>, coordinador de asuntos estudiantiles<\/li>\n\n\n\n<li><strong>Victoria Ryan<\/strong>, coordinadora de carrera<\/li>\n\n\n\n<li><strong>Andrea Encina<\/strong>, coordinadora intercampos PEE.&nbsp;<\/li>\n\n\n\n<li><strong>&nbsp;Sara Marifil<\/strong>, secretar\u00eda de Investigaci\u00f3n.&nbsp;<\/li>\n\n\n\n<li><strong>\u00a0Daniela Vaca<\/strong>, secretaria de extensi\u00f3n.<\/li>\n<\/ul>\n\n\n\n<p><\/p>\n\n\n\n<p><\/p>\n\n\n\n<p>\u00a0<\/p>\n\n\n\n<p><\/p>\n","protected":false},"excerpt":{"rendered":"<p>\u00a0 DIRECTORA: Lic. Silvina Sanchez Valdivia VICEDIRECTORA: Hin\u00e9s Herrero SECRETARIA ACAD\u00c9MICA: Cintia Ponce Consejo ac\u00e1demico compuesto por:&nbsp; &#8211; \u00a0<\/p>\n","protected":false},"author":828,"featured_media":0,"parent":0,"menu_order":0,"comment_status":"closed","ping_status":"closed","template":"","meta":[],"acf":[],"_links":{"self":[{"href":"https:\/\/ifd8-nqn.infd.edu.ar\/sitio\/wp-json\/wp\/v2\/pages\/817"}],"collection":[{"href":"https:\/\/ifd8-nqn.infd.edu.ar\/sitio\/wp-json\/wp\/v2\/pages"}],"about":[{"href":"https:\/\/ifd8-nqn.infd.edu.ar\/sitio\/wp-json\/wp\/v2\/types\/page"}],"author":[{"embeddable":true,"href":"https:\/\/ifd8-nqn.infd.edu.ar\/sitio\/wp-json\/wp\/v2\/users\/828"}],"replies":[{"embeddable":true,"href":"https:\/\/ifd8-nqn.infd.edu.ar\/sitio\/wp-json\/wp\/v2\/comments?post=817"}],"version-history":[{"count":10,"href":"https:\/\/ifd8-nqn.infd.edu.ar\/sitio\/wp-json\/wp\/v2\/pages\/817\/revisions"}],"predecessor-version":[{"id":1887,"href":"https:\/\/ifd8-nqn.infd.edu.ar\/sitio\/wp-json\/wp\/v2\/pages\/817\/revisions\/1887"}],"wp:attachment":[{"href":"https:\/\/ifd8-nqn.infd.edu.ar\/sitio\/wp-json\/wp\/v2\/media?parent=817"}],"curies":[{"name":"wp","href":"https:\/\/api.w.org\/{rel}","templated":true}]}}