{"id":813,"date":"2018-08-31T14:42:59","date_gmt":"2018-08-31T17:42:59","guid":{"rendered":"https:\/\/ifd8-nqn.infd.edu.ar\/sitio\/datos-institucionales\/"},"modified":"2025-07-25T11:06:40","modified_gmt":"2025-07-25T14:06:40","slug":"datos-institucionales","status":"publish","type":"page","link":"https:\/\/ifd8-nqn.infd.edu.ar\/sitio\/datos-institucionales\/","title":{"rendered":"Datos institucionales"},"content":{"rendered":"<blockquote style=\"text-align: center;\"><p><span style=\"color: #4589af;\"><span style=\"font-size: medium; font-family: tahoma,arial,helvetica,sans-serif;\">\u00a0ISFD N\u00b0 8 &#8211; <\/span><span style=\"font-size: medium; font-family: tahoma,arial,helvetica,sans-serif;\">Jun\u00edn de los Andes &#8211; Prov. de Neuqu\u00e9n<\/span><\/span><\/p>\n<ul>\n<li><span style=\"font-size: 18pt; font-family: tahoma,arial,helvetica,sans-serif;\">Direcci\u00f3n: Aime Paime y Marcelo Berbel<\/span><\/li>\n<li>\n<h2>Isfd8.JuanaManso@gmail.com<\/h2>\n<\/li>\n<li><span style=\"font-size: 18pt; font-family: tahoma,arial,helvetica,sans-serif;\">Tel\u00e9fono: 2996556906<\/span><\/li>\n<li><span style=\"font-size: 18pt; font-family: tahoma,arial,helvetica,sans-serif;\">Horario\u00a0de funcionamiento: De lunes a viernes de 8 a 23hs.<\/span><\/li>\n<\/ul>\n<\/blockquote>\n","protected":false},"excerpt":{"rendered":"<p>\u00a0ISFD N\u00b0 8 &#8211; Jun\u00edn de los Andes &#8211; Prov. de Neuqu\u00e9n Direcci\u00f3n: Aime Paime y Marcelo Berbel Isfd8.JuanaManso@gmail.com Tel\u00e9fono: 2996556906 Horario\u00a0de funcionamiento: De lunes a viernes de 8 a 23hs.<\/p>\n","protected":false},"author":828,"featured_media":0,"parent":0,"menu_order":0,"comment_status":"closed","ping_status":"closed","template":"","meta":[],"acf":[],"_links":{"self":[{"href":"https:\/\/ifd8-nqn.infd.edu.ar\/sitio\/wp-json\/wp\/v2\/pages\/813"}],"collection":[{"href":"https:\/\/ifd8-nqn.infd.edu.ar\/sitio\/wp-json\/wp\/v2\/pages"}],"about":[{"href":"https:\/\/ifd8-nqn.infd.edu.ar\/sitio\/wp-json\/wp\/v2\/types\/page"}],"author":[{"embeddable":true,"href":"https:\/\/ifd8-nqn.infd.edu.ar\/sitio\/wp-json\/wp\/v2\/users\/828"}],"replies":[{"embeddable":true,"href":"https:\/\/ifd8-nqn.infd.edu.ar\/sitio\/wp-json\/wp\/v2\/comments?post=813"}],"version-history":[{"count":4,"href":"https:\/\/ifd8-nqn.infd.edu.ar\/sitio\/wp-json\/wp\/v2\/pages\/813\/revisions"}],"predecessor-version":[{"id":1896,"href":"https:\/\/ifd8-nqn.infd.edu.ar\/sitio\/wp-json\/wp\/v2\/pages\/813\/revisions\/1896"}],"wp:attachment":[{"href":"https:\/\/ifd8-nqn.infd.edu.ar\/sitio\/wp-json\/wp\/v2\/media?parent=813"}],"curies":[{"name":"wp","href":"https:\/\/api.w.org\/{rel}","templated":true}]}}