{"id":1901,"date":"2025-08-06T21:00:24","date_gmt":"2025-08-07T00:00:24","guid":{"rendered":"https:\/\/ifd8-nqn.infd.edu.ar\/sitio\/?page_id=1901"},"modified":"2025-10-21T18:32:33","modified_gmt":"2025-10-21T21:32:33","slug":"6to-congreso-de-la-region-de-los-lagos","status":"publish","type":"page","link":"https:\/\/ifd8-nqn.infd.edu.ar\/sitio\/6to-congreso-de-la-region-de-los-lagos\/","title":{"rendered":"6to. CONGRESO DE LA REGI\u00d3N DE LOS LAGOS 2025"},"content":{"rendered":"\n<h2 class=\"wp-block-heading\">M\u00e1s informaci\u00f3n: <a href=\"https:\/\/congreso-educativo-de-la-region-de-los-lagos.webnode.page\/\" data-type=\"URL\" data-id=\"https:\/\/congreso-educativo-de-la-region-de-los-lagos.webnode.page\/\" target=\"_blank\" rel=\"noreferrer noopener\">aqu\u00ed<\/a><\/h2>\n\n\n\n<p><\/p>\n","protected":false},"excerpt":{"rendered":"<p>M\u00e1s informaci\u00f3n: aqu\u00ed<\/p>\n","protected":false},"author":828,"featured_media":0,"parent":0,"menu_order":0,"comment_status":"closed","ping_status":"closed","template":"","meta":[],"acf":[],"_links":{"self":[{"href":"https:\/\/ifd8-nqn.infd.edu.ar\/sitio\/wp-json\/wp\/v2\/pages\/1901"}],"collection":[{"href":"https:\/\/ifd8-nqn.infd.edu.ar\/sitio\/wp-json\/wp\/v2\/pages"}],"about":[{"href":"https:\/\/ifd8-nqn.infd.edu.ar\/sitio\/wp-json\/wp\/v2\/types\/page"}],"author":[{"embeddable":true,"href":"https:\/\/ifd8-nqn.infd.edu.ar\/sitio\/wp-json\/wp\/v2\/users\/828"}],"replies":[{"embeddable":true,"href":"https:\/\/ifd8-nqn.infd.edu.ar\/sitio\/wp-json\/wp\/v2\/comments?post=1901"}],"version-history":[{"count":4,"href":"https:\/\/ifd8-nqn.infd.edu.ar\/sitio\/wp-json\/wp\/v2\/pages\/1901\/revisions"}],"predecessor-version":[{"id":1934,"href":"https:\/\/ifd8-nqn.infd.edu.ar\/sitio\/wp-json\/wp\/v2\/pages\/1901\/revisions\/1934"}],"wp:attachment":[{"href":"https:\/\/ifd8-nqn.infd.edu.ar\/sitio\/wp-json\/wp\/v2\/media?parent=1901"}],"curies":[{"name":"wp","href":"https:\/\/api.w.org\/{rel}","templated":true}]}}