{"id":1656,"date":"2023-05-12T04:05:56","date_gmt":"2023-05-12T07:05:56","guid":{"rendered":"https:\/\/ifd8-nqn.infd.edu.ar\/sitio\/?page_id=1656"},"modified":"2026-01-02T14:02:53","modified_gmt":"2026-01-02T17:02:53","slug":"el-isfd-8-inscripciones1er","status":"publish","type":"page","link":"https:\/\/ifd8-nqn.infd.edu.ar\/sitio\/el-isfd-8-inscripciones1er\/","title":{"rendered":"El Instituto de Formaci\u00f3n Docente N\u00b08, ubicado en la ciudad de Jun\u00edn de los Andes pcia del Neuqu\u00e9n comunica que :"},"content":{"rendered":"\n<p><\/p>\n\n\n\n<h2 class=\"wp-block-heading\"> Las inscripciones para ingresantes a 1er.  a\u00f1o 2026 se realizaran desde el18 de febrero al 06 de marzo del 2026. <\/h2>\n\n\n\n<h2 class=\"wp-block-heading\"><strong>Los profesorados para la que est\u00e1 abierta la inscripci\u00f3n, son presenciales, gratuitos y tienen una duraci\u00f3n de 4 a\u00f1os:<\/strong><\/h2>\n\n\n\n<h2 class=\"wp-block-heading\"><strong>Profesorado de Educaci\u00f3n Inicial<\/strong><\/h2>\n\n\n\n<h2 class=\"wp-block-heading\"><strong>Profesorado de Educaci\u00f3n Primaria<\/strong><\/h2>\n\n\n\n<h2 class=\"wp-block-heading\"><strong>Pofesorado de Ingl\u00e9s<\/strong> <\/h2>\n\n\n\n<h2 class=\"wp-block-heading\">Profesorado en Educaci\u00f3n Especial <\/h2>\n\n\n\n<h2 class=\"wp-block-heading\">Materias de los profesorados : <a rel=\"noreferrer noopener\" href=\"https:\/\/ifd8-nqn.infd.edu.ar\/sitio\/wp-content\/uploads\/2022\/10\/Plan-de-estudios.jpg\" data-type=\"URL\" data-id=\"https:\/\/ifd8-nqn.infd.edu.ar\/sitio\/wp-content\/uploads\/2022\/10\/Plan-de-estudios.jpg\" target=\"_blank\">INICIAL, PRIMARIA, INGL\u00c9S<\/a>,     <a rel=\"noreferrer noopener\" href=\"https:\/\/ifd8-nqn.infd.edu.ar\/sitio\/wp-content\/uploads\/2023\/10\/materias-especial.pdf\" data-type=\"URL\" data-id=\"https:\/\/ifd8-nqn.infd.edu.ar\/sitio\/wp-content\/uploads\/2023\/10\/materias-especial.pdf\" target=\"_blank\">  ESPECIAL<\/a>.<\/h2>\n\n\n\n<h2 class=\"wp-block-heading\"><strong>La inscripci\u00f3n se realizar\u00e1 de&nbsp;forma presencial&nbsp;en el instituto<\/strong>, en los horarios de 9a 12hs. de 14 a 17 hs.y de 18 a 21 hs.<\/h2>\n\n\n\n<h2 class=\"wp-block-heading\"><strong>Direcci\u00f3n del instituto es: Barrio Santa Julia, calle: Aime Paime y Marcelo Berbel<\/strong><\/h2>\n\n\n\n<h2 class=\"wp-block-heading\">Ubicaci\u00f3n del instituto<a rel=\"noreferrer noopener\" href=\"https:\/\/ifd8-nqn.infd.edu.ar\/sitio\/ubicacion\/\" data-type=\"URL\" data-id=\"https:\/\/ifd8-nqn.infd.edu.ar\/sitio\/ubicacion\/\" target=\"_blank\">:  https:\/\/ifd8-nqn.infd.edu.ar\/sitio\/ubicacion\/<\/a><\/h2>\n\n\n\n<h2 class=\"wp-block-heading\">Consultas: cel: 2996556906<\/h2>\n\n\n\n<h2 class=\"wp-block-heading\"><strong>Documentaci\u00f3n a presentar para poder inscribirse:<\/strong><\/h2>\n\n\n\n<p><\/p>\n\n\n\n<ul>\n<li><strong><u>Formulario de inscripci\u00f3n 202<\/u>6. Se puede retirar en librer\u00eda&nbsp;<em>Kiwi<\/em>&nbsp;o en&nbsp;<em>Alma Producciones<\/em>. Tambi\u00e9n se puede descargar<a rel=\"noreferrer noopener\" href=\"https:\/\/ifd8-nqn.infd.edu.ar\/sitio\/wp-content\/uploads\/2023\/10\/SOLICITUD-MATRICULA-2024.pdf\" data-type=\"URL\" data-id=\"https:\/\/ifd8-nqn.infd.edu.ar\/sitio\/wp-content\/uploads\/2023\/10\/SOLICITUD-MATRICULA-2024.pdf\" target=\"_blank\">&nbsp;<\/a><em>a<a href=\"https:\/\/ifd8-nqn.infd.edu.ar\/sitio\/wp-content\/uploads\/2025\/11\/Solicitud-de-vacante-2026-ultima-version.pdf\" target=\"_blank\" rel=\"noreferrer noopener\">qu\u00ed<\/a><\/em><\/strong><\/li>\n\n\n\n<li><strong><u>Fotocopia autenticada por juez de paz del D.N.I. (frente y dorso)<\/u><\/strong><strong>; en caso de extrav\u00edo, se puede presentar&nbsp;<em>Constancia de DNI en tr\u00e1mite&nbsp;<u>autenticada por juez de paz<\/u><\/em>.<\/strong><\/li>\n\n\n\n<li><strong><u>Fotocopia autenticada por juez de paz del TITULO NIVEL SECUNDARIO<\/u><\/strong><strong>, o bien, una&nbsp;<em>Constancia de Titulo en Tr\u00e1mite<\/em><\/strong><\/li>\n\n\n\n<li><strong><u>Fotocopia autenticada por juez de paz del Acta de Nacimiento<\/u><\/strong><\/li>\n\n\n\n<li><strong><u>Carpeta colgante<\/u><\/strong><\/li>\n\n\n\n<li><strong><u>Dos fotos carnet 4\u00d74<\/u><\/strong><\/li>\n\n\n\n<li><strong><u>Certificado psico-f\u00edsico o de salud<\/u><\/strong><strong>&nbsp;(expedido por personal medico&nbsp;<em>p\u00fablico y\/o privado<\/em>)<\/strong><\/li>\n<\/ul>\n","protected":false},"excerpt":{"rendered":"<p>Las inscripciones para ingresantes a 1er. a\u00f1o 2026 se realizaran desde el18 de febrero al 06 de marzo del 2026. Los profesorados para la que est\u00e1 abierta la inscripci\u00f3n, son presenciales, gratuitos y tienen una duraci\u00f3n de 4 a\u00f1os: Profesorado de Educaci\u00f3n Inicial Profesorado de Educaci\u00f3n Primaria Pofesorado de Ingl\u00e9s Profesorado en Educaci\u00f3n Especial Materias &#8230; <a title=\"El Instituto de Formaci\u00f3n Docente N\u00b08, ubicado en la ciudad de Jun\u00edn de los Andes pcia del Neuqu\u00e9n comunica que :\" class=\"read-more\" href=\"https:\/\/ifd8-nqn.infd.edu.ar\/sitio\/el-isfd-8-inscripciones1er\/\" aria-label=\"More on El Instituto de Formaci\u00f3n Docente N\u00b08, ubicado en la ciudad de Jun\u00edn de los Andes pcia del Neuqu\u00e9n comunica que :\">[+]<\/a><\/p>\n","protected":false},"author":828,"featured_media":0,"parent":0,"menu_order":0,"comment_status":"closed","ping_status":"closed","template":"","meta":[],"acf":[],"_links":{"self":[{"href":"https:\/\/ifd8-nqn.infd.edu.ar\/sitio\/wp-json\/wp\/v2\/pages\/1656"}],"collection":[{"href":"https:\/\/ifd8-nqn.infd.edu.ar\/sitio\/wp-json\/wp\/v2\/pages"}],"about":[{"href":"https:\/\/ifd8-nqn.infd.edu.ar\/sitio\/wp-json\/wp\/v2\/types\/page"}],"author":[{"embeddable":true,"href":"https:\/\/ifd8-nqn.infd.edu.ar\/sitio\/wp-json\/wp\/v2\/users\/828"}],"replies":[{"embeddable":true,"href":"https:\/\/ifd8-nqn.infd.edu.ar\/sitio\/wp-json\/wp\/v2\/comments?post=1656"}],"version-history":[{"count":57,"href":"https:\/\/ifd8-nqn.infd.edu.ar\/sitio\/wp-json\/wp\/v2\/pages\/1656\/revisions"}],"predecessor-version":[{"id":1989,"href":"https:\/\/ifd8-nqn.infd.edu.ar\/sitio\/wp-json\/wp\/v2\/pages\/1656\/revisions\/1989"}],"wp:attachment":[{"href":"https:\/\/ifd8-nqn.infd.edu.ar\/sitio\/wp-json\/wp\/v2\/media?parent=1656"}],"curies":[{"name":"wp","href":"https:\/\/api.w.org\/{rel}","templated":true}]}}