{"id":1166,"date":"2019-07-29T10:56:22","date_gmt":"2019-07-29T13:56:22","guid":{"rendered":"https:\/\/ifd8-nqn.infd.edu.ar\/sitio\/?page_id=1166"},"modified":"2024-02-21T20:27:31","modified_gmt":"2024-02-21T23:27:31","slug":"cedie","status":"publish","type":"page","link":"https:\/\/ifd8-nqn.infd.edu.ar\/sitio\/cedie\/","title":{"rendered":"CEDIE"},"content":{"rendered":"<p>CEDIE Centro de Documentaci\u00f3n Educativa Alicia Pifarr\u00e9, pertenciente al CPE.<\/p>\n<p>Para los que no conocen esta \u00e1rea, en el adjunto va informaci\u00f3n, les cuento que funciona hace mucho a\u00f1os su objetivo primordial es el pr\u00e9stamo gratuito de bibliograf\u00eda al\u00a0\u00a0interior de la provincia.<\/p>\n<p>Qu\u00e9 es el CEDIE:<\/p>\n<p><a href=\"https:\/\/ifd8-nqn.infd.edu.ar\/sitio\/wp-content\/uploads\/2019\/07\/Sabias-que-CeDIE-1.pdf\" target=\"_blank\" rel=\"noopener\">Sabias-que-CeDIE (1)<\/a><\/p>\n\n\n<p>Link de acceso al CEDIE: <\/p>\n\n\n\n<p><a href=\"https:\/\/cedie.neuquen.edu.ar\/centro-editor-2\/\" target=\"_blank\" rel=\"noreferrer noopener\">https:\/\/cedie.neuquen.edu.ar\/centro-editor-2\/<\/a><\/p>\n","protected":false},"excerpt":{"rendered":"<p>CEDIE Centro de Documentaci\u00f3n Educativa Alicia Pifarr\u00e9, pertenciente al CPE. Para los que no conocen esta \u00e1rea, en el adjunto va informaci\u00f3n, les cuento que funciona hace mucho a\u00f1os su objetivo primordial es el pr\u00e9stamo gratuito de bibliograf\u00eda al\u00a0\u00a0interior de la provincia. Qu\u00e9 es el CEDIE: Sabias-que-CeDIE (1) Link de acceso al CEDIE: https:\/\/cedie.neuquen.edu.ar\/centro-editor-2\/<\/p>\n","protected":false},"author":828,"featured_media":0,"parent":0,"menu_order":0,"comment_status":"closed","ping_status":"closed","template":"","meta":[],"acf":[],"_links":{"self":[{"href":"https:\/\/ifd8-nqn.infd.edu.ar\/sitio\/wp-json\/wp\/v2\/pages\/1166"}],"collection":[{"href":"https:\/\/ifd8-nqn.infd.edu.ar\/sitio\/wp-json\/wp\/v2\/pages"}],"about":[{"href":"https:\/\/ifd8-nqn.infd.edu.ar\/sitio\/wp-json\/wp\/v2\/types\/page"}],"author":[{"embeddable":true,"href":"https:\/\/ifd8-nqn.infd.edu.ar\/sitio\/wp-json\/wp\/v2\/users\/828"}],"replies":[{"embeddable":true,"href":"https:\/\/ifd8-nqn.infd.edu.ar\/sitio\/wp-json\/wp\/v2\/comments?post=1166"}],"version-history":[{"count":6,"href":"https:\/\/ifd8-nqn.infd.edu.ar\/sitio\/wp-json\/wp\/v2\/pages\/1166\/revisions"}],"predecessor-version":[{"id":1788,"href":"https:\/\/ifd8-nqn.infd.edu.ar\/sitio\/wp-json\/wp\/v2\/pages\/1166\/revisions\/1788"}],"wp:attachment":[{"href":"https:\/\/ifd8-nqn.infd.edu.ar\/sitio\/wp-json\/wp\/v2\/media?parent=1166"}],"curies":[{"name":"wp","href":"https:\/\/api.w.org\/{rel}","templated":true}]}}